{"id":2726,"date":"2011-09-14T07:28:16","date_gmt":"2011-09-14T07:28:16","guid":{"rendered":"http:\/\/sicgfyp.zeus.umh.es\/presentacion\/"},"modified":"2026-02-05T17:46:51","modified_gmt":"2026-02-05T16:46:51","slug":"presentacion","status":"publish","type":"page","link":"https:\/\/sicgef.umh.es\/ca\/presentacion\/","title":{"rendered":"Presentaci\u00f3n"},"content":{"rendered":"<p><\/p>\n<p style=\"text-align: justify\"><span style=\"color: #000080\"><strong><span dir=\"auto\" style=\"vertical-align: inherit\"><span dir=\"auto\" style=\"vertical-align: inherit\">El Servei d&#8217;Informaci\u00f3 Comptable i Gesti\u00f3 Econ\u00f2mica i Financera de la Universitat Miguel Hern\u00e1ndez d&#8217;Elx<\/span><\/span><\/strong><\/span><span dir=\"auto\" style=\"vertical-align: inherit\"><span dir=\"auto\" style=\"vertical-align: inherit\"> ,<\/span><\/span><span style=\"color: #000080\"><span dir=\"auto\" style=\"vertical-align: inherit\"><span dir=\"auto\" style=\"vertical-align: inherit\"> es constitueix en un eix principal per a l&#8217;organitzaci\u00f3 de la gesti\u00f3 econ\u00f2mica de la universitat, facilitant el desenvolupament dels processos, la normativa, l&#8217;assessorament i la formaci\u00f3 necessaris per dur-la a terme.<\/span><\/span><\/span><\/p>\n<hr>\n<p><span style=\"color: #333399\"><strong><span dir=\"auto\" style=\"vertical-align: inherit\"><span dir=\"auto\" style=\"vertical-align: inherit\">La nostra Missi\u00f3;<\/span><\/span><\/strong><\/span><span style=\"color: #333399\"><span dir=\"auto\" style=\"vertical-align: inherit\"><span dir=\"auto\" style=\"vertical-align: inherit\"> Garantir la correcta gesti\u00f3 econ\u00f2mica i financera de la UMH i oferir un sistema d&#8217;informaci\u00f3 comptable, transparent, professional, cercant sempre l&#8217;efici\u00e8ncia i plena satisfacci\u00f3 dels nostres usuaris.<\/span><\/span><\/span><\/p>\n<p><span style=\"color: #333399\"><strong><span dir=\"auto\" style=\"vertical-align: inherit\"><span dir=\"auto\" style=\"vertical-align: inherit\">Les nostres \u00e0rees:<\/span><\/span><\/strong><\/span><\/p>\n<p><span style=\"color: #333399\"><strong><span dir=\"auto\" style=\"vertical-align: inherit\"><span dir=\"auto\" style=\"vertical-align: inherit\">Informaci\u00f3 Comptable;<\/span><\/span><\/strong><\/span><span style=\"color: #333399\"><span dir=\"auto\" style=\"vertical-align: inherit\"><span dir=\"auto\" style=\"vertical-align: inherit\"> &nbsp;Organitzar i mantenir el nostre sistema d&#8217;informaci\u00f3 comptable i garantir el compliment de les obligacions en mat\u00e8ria de comptabilitat, fiscalitat i de rendici\u00f3 de comptes; aix\u00ed com atendre les necessitats dinformaci\u00f3 dels \u00f2rgans de govern, dels responsables pressupostaris i de tercers.<\/span><\/span><\/span><\/p>\n<p><span style=\"color: #333399\"><strong><span dir=\"auto\" style=\"vertical-align: inherit\"><span dir=\"auto\" style=\"vertical-align: inherit\">Gesti\u00f3 Econ\u00f2mica i Financera;<\/span><\/span><\/strong><\/span><span style=\"color: #333399\"><span dir=\"auto\" style=\"vertical-align: inherit\"><span dir=\"auto\" style=\"vertical-align: inherit\"> Aquesta \u00e0rea d&#8217;activitat busca una millor gesti\u00f3 del conjunt dels recursos en l&#8217;\u00e0mbit econ\u00f2mic i financer de la Universitat i poder servir com a element integrador, coordinador del conjunt d&#8217;actuacions de les quals derivaran implicacions de car\u00e0cter econ\u00f2mic.<\/span><\/span><\/span><\/p>\n<hr>\n<p style=\"text-align: left\"><span style=\"color: #000080\"><span dir=\"auto\" style=\"vertical-align: inherit\"><span dir=\"auto\" style=\"vertical-align: inherit\">Aquest bloc pret\u00e9n convertir-se en un instrument d&#8217;informaci\u00f3, gesti\u00f3 i una llera facilitadora per a la comunicaci\u00f3 amb totes les persones tant f\u00edsiques com jur\u00eddiques que tinguin o puguin tenir relacions amb aquest servei (*).<\/span><\/span><\/span><\/p>\n<p style=\"text-align: left\"><a href=\"https:\/\/sicgef.umh.es\/acceso-empresas\"><img loading=\"lazy\" class=\" wp-image-2984 alignleft\" src=\"https:\/\/sicgef.umh.es\/files\/2011\/09\/BOTON-ACCESO-EMPRESAS.png\" alt=\"BOT\u00d3 ACC\u00c9S EMPRESES\" width=\"122\" height=\"55\"><\/a>&nbsp; <a href=\"https:\/\/sicgef.umh.es\/informacion-contable\/apoyo-a-la-gestion\/\"><img loading=\"lazy\" class=\" wp-image-2985 alignleft\" src=\"https:\/\/sicgef.umh.es\/files\/2011\/09\/BOTON-APOYO-GESTION.png\" alt=\"BOT\u00d3 SUPORT GESTI\u00d3\" width=\"120\" height=\"54\"><\/a>&nbsp; <a href=\"https:\/\/sicgef.umh.es\/informacion-contable\/apoyo-a-la-gestion\/formularios\/\"><img loading=\"lazy\" class=\"alignleft wp-image-2987\" src=\"https:\/\/sicgef.umh.es\/files\/2011\/09\/BOTON-FORMULARIOS.png\" alt=\"BOT\u00d3 FORMULARIS\" width=\"122\" height=\"50\"><\/a><a href=\"https:\/\/sicgef.umh.es\/legislacion\"><img loading=\"lazy\" class=\" wp-image-2988 alignleft\" src=\"https:\/\/sicgef.umh.es\/files\/2011\/09\/BOTON-LEGISLACION.png\" alt=\"BOT\u00d3 LEGISLACIO\" width=\"137\" height=\"52\"><\/a><\/p>\n<p style=\"text-align: left\"><span style=\"color: #ff6600\">&nbsp;<\/span><\/p>\n<hr>\n<p style=\"text-align: left\"><span style=\"color: #000080\"><span dir=\"auto\" style=\"vertical-align: inherit\"><span dir=\"auto\" style=\"vertical-align: inherit\">(*) <\/span><\/span><em><span dir=\"auto\" style=\"vertical-align: inherit\"><span dir=\"auto\" style=\"vertical-align: inherit\">Determinats continguts s\u00f3n d&#8217;acc\u00e9s restringit a personal de la UMH i nom\u00e9s es poden consultar si tens compte a la UMH.<\/span><\/span><\/em><\/span><\/p>\n<p>&nbsp;<\/p>\n<p><\/p>","protected":false},"excerpt":{"rendered":"<p>El Servei d&#8217;Informaci\u00f3 Comptable i Gesti\u00f3 Econ\u00f2mica i Financera de la Universitat Miguel Hern\u00e1ndez d&#8217;Elx , es constitueix en un eix principal per a l&#8217;organitzaci\u00f3 de la gesti\u00f3 econ\u00f2mica de la universitat, facilitant el desenvolupament dels processos, la normativa, l&#8217;assessorament i la formaci\u00f3 necessaris per dur-la a terme.<\/p>\n<p>La nostra Missi\u00f3; Garantir la correcta gesti\u00f3 econ\u00f2mica [&#8230;]<\/p>\n","protected":false},"author":1,"featured_media":0,"parent":0,"menu_order":0,"comment_status":"closed","ping_status":"closed","template":"","meta":{"ngg_post_thumbnail":0,"_links_to":"","_links_to_target":""},"_links":{"self":[{"href":"https:\/\/sicgef.umh.es\/ca\/wp-json\/wp\/v2\/pages\/2726"}],"collection":[{"href":"https:\/\/sicgef.umh.es\/ca\/wp-json\/wp\/v2\/pages"}],"about":[{"href":"https:\/\/sicgef.umh.es\/ca\/wp-json\/wp\/v2\/types\/page"}],"author":[{"embeddable":true,"href":"https:\/\/sicgef.umh.es\/ca\/wp-json\/wp\/v2\/users\/1"}],"replies":[{"embeddable":true,"href":"https:\/\/sicgef.umh.es\/ca\/wp-json\/wp\/v2\/comments?post=2726"}],"version-history":[{"count":0,"href":"https:\/\/sicgef.umh.es\/ca\/wp-json\/wp\/v2\/pages\/2726\/revisions"}],"wp:attachment":[{"href":"https:\/\/sicgef.umh.es\/ca\/wp-json\/wp\/v2\/media?parent=2726"}],"curies":[{"name":"wp","href":"https:\/\/api.w.org\/{rel}","templated":true}]}}