{"id":2728,"date":"2011-09-14T07:51:37","date_gmt":"2011-09-14T07:51:37","guid":{"rendered":"http:\/\/sicgfyp.umh.es\/presentacion\/directorio\/"},"modified":"2025-07-08T11:21:04","modified_gmt":"2025-07-08T09:21:04","slug":"directorio","status":"publish","type":"page","link":"https:\/\/sicgef.umh.es\/ca\/presentacion\/directorio\/","title":{"rendered":"Directorio"},"content":{"rendered":"<p><\/p>\n<div id=\"directory__7859\"><div id='directorio__7859'><\/div><script src='\/wp-content\/plugins\/wp_directorio_umh\/includes\/js\/jquery-1.11.3.min.js'><\/script><script src='\/wp-content\/plugins\/wp_directorio_umh\/includes\/js\/pintaDir.js'><\/script><script type='text\/javascript'>json = '{comillas_doblesid_uorcomillas_dobles:comillas_dobles7859comillas_dobles,comillas_dobleslabelcomillas_dobles:comillas_doblesServicio de Informaci\u00f3n Contable y Gesti\u00f3n Econ\u00f3mica y Financieracomillas_dobles,comillas_doblesdirectoriocomillas_dobles:corchete_abre{comillas_doblesid_cargocomillas_dobles:comillas_dobles1601comillas_dobles,comillas_doblesnom_cargocomillas_dobles:comillas_doblesJEFE\/A DE SERVICIOcomillas_dobles,comillas_doblespersonascomillas_dobles:corchete_abre{comillas_doblesid_personacomillas_dobles:comillas_dobles109289comillas_dobles,comillas_doblesid_uorcomillas_dobles:comillas_dobles7859comillas_dobles,comillas_doblesnombrecomillas_dobles:comillas_doblesLOPEZ VALERO, JOSEcomillas_dobles,comillas_doblesemailcomillas_dobles:comillas_dobles2279816254BEF46D13CAA6EB4EA0D2650AC3FEC4BB1145CA850314E95F854D46comillas_dobles,comillas_doblesextensioncomillas_dobles:corchete_abre{comillas_doblesextcomillas_dobles:comillas_dobles57067comillas_dobles},{comillas_doblesextcomillas_dobles:comillas_dobles96 522 2054comillas_dobles}corchete_cierra}corchete_cierra},{comillas_doblesid_cargocomillas_dobles:comillas_dobles99999comillas_dobles,comillas_doblesnom_cargocomillas_dobles:comillas_doblesPersonalcomillas_dobles,comillas_doblespersonascomillas_dobles:corchete_abre{comillas_doblesid_personacomillas_dobles:comillas_dobles146298comillas_dobles,comillas_doblesid_uorcomillas_dobles:comillas_dobles7859comillas_dobles,comillas_doblesnombrecomillas_dobles:comillas_doblesALCARAZ GUIJARRO, MARIA ESPERANZAcomillas_dobles,comillas_doblesemailcomillas_dobles:comillas_dobles987742645534D41729F2E4A358D45C76comillas_dobles,comillas_doblesextensioncomillas_dobles:corchete_abre{comillas_doblesextcomillas_dobles:comillas_dobles96 665 8657comillas_dobles}corchete_cierra},{comillas_doblesid_personacomillas_dobles:comillas_dobles3917comillas_dobles,comillas_doblesid_uorcomillas_dobles:comillas_dobles7859comillas_dobles,comillas_doblesnombrecomillas_dobles:comillas_doblesBA\u00d1OS ANTON, JESUS FELIPEcomillas_dobles,comillas_doblesemailcomillas_dobles:comillas_dobles59F8C079FA48332EEB300C754281A434A2FB270D7962C45F8C31E15450190FBAcomillas_dobles,comillas_doblesextensioncomillas_dobles:corchete_abre{comillas_doblesextcomillas_dobles:comillas_dobles96 522 2081comillas_dobles}corchete_cierra},{comillas_doblesid_personacomillas_dobles:comillas_dobles242379comillas_dobles,comillas_doblesid_uorcomillas_dobles:comillas_dobles7859comillas_dobles,comillas_doblesnombrecomillas_dobles:comillas_doblesCONEJERO RUIZ, MARIA JOSEcomillas_dobles,comillas_doblesemailcomillas_dobles:comillas_dobles1B0C70EAA21479CED2BB9D1427383A2Bcomillas_dobles,comillas_doblesextensioncomillas_dobles:corchete_abre{comillas_doblesextcomillas_dobles:comillas_dobles96 665 8559comillas_dobles}corchete_cierra},{comillas_doblesid_personacomillas_dobles:comillas_dobles265500comillas_dobles,comillas_doblesid_uorcomillas_dobles:comillas_dobles7859comillas_dobles,comillas_doblesnombrecomillas_dobles:comillas_doblesECHEZARRETA VILLALUENGA, MARTIN LOINAZcomillas_dobles,comillas_doblesemailcomillas_dobles:comillas_dobles4BAB12CCF1E3058D5E669091ED784C6869A43057D7D96B01D639A0F9CF655D81comillas_dobles,comillas_doblesextensioncomillas_dobles:corchete_abrecorchete_cierra},{comillas_doblesid_personacomillas_dobles:comillas_dobles3908comillas_dobles,comillas_doblesid_uorcomillas_dobles:comillas_dobles7859comillas_dobles,comillas_doblesnombrecomillas_dobles:comillas_doblesIVORRA IVORRA, MARIA ROSARIOcomillas_dobles,comillas_doblesemailcomillas_dobles:comillas_doblesE326E46C8DDA9E0A1A48FC740F2E3F02comillas_dobles,comillas_doblesextensioncomillas_dobles:corchete_abre{comillas_doblesextcomillas_dobles:comillas_dobles96 665 8734comillas_dobles}corchete_cierra},{comillas_doblesid_personacomillas_dobles:comillas_dobles247881comillas_dobles,comillas_doblesid_uorcomillas_dobles:comillas_dobles7859comillas_dobles,comillas_doblesnombrecomillas_dobles:comillas_doblesLOPEZ LOPEZ, MARIA DOLOREScomillas_dobles,comillas_doblesemailcomillas_dobles:comillas_dobles148514FC272CEF4155AE85DC1F71C0E6comillas_dobles,comillas_doblesextensioncomillas_dobles:corchete_abrecorchete_cierra},{comillas_doblesid_personacomillas_dobles:comillas_dobles133168comillas_dobles,comillas_doblesid_uorcomillas_dobles:comillas_dobles7859comillas_dobles,comillas_doblesnombrecomillas_dobles:comillas_doblesMART\u00cdNEZ CAMBRONERO, MARIA DOLOREScomillas_dobles,comillas_doblesemailcomillas_dobles:comillas_dobles422F1D4ED3EA3D3C2E9AFDAF33507756E64F1522866EBA8F7C77916E9D117F31comillas_dobles,comillas_doblesextensioncomillas_dobles:corchete_abre{comillas_doblesextcomillas_dobles:comillas_dobles683770679comillas_dobles},{comillas_doblesextcomillas_dobles:comillas_dobles50679comillas_dobles},{comillas_doblesextcomillas_dobles:comillas_dobles96 522 2477comillas_dobles}corchete_cierra},{comillas_doblesid_personacomillas_dobles:comillas_dobles3776comillas_dobles,comillas_doblesid_uorcomillas_dobles:comillas_dobles7859comillas_dobles,comillas_doblesnombrecomillas_dobles:comillas_doblesPASCUAL MOYA, MARIA ASUNCIONcomillas_dobles,comillas_doblesemailcomillas_dobles:comillas_dobles4CFE61A80E78FE1DD6C17E9D8DC276B5DCBB9677032DE863578B81313585C648comillas_dobles,comillas_doblesextensioncomillas_dobles:corchete_abre{comillas_doblesextcomillas_dobles:comillas_dobles96 665 8652comillas_dobles}corchete_cierra},{comillas_doblesid_personacomillas_dobles:comillas_dobles109361comillas_dobles,comillas_doblesid_uorcomillas_dobles:comillas_dobles7859comillas_dobles,comillas_doblesnombrecomillas_dobles:comillas_doblesPLATAS PEINADO, ANGEL LUIScomillas_dobles,comillas_doblesemailcomillas_dobles:comillas_doblesA257A99F4388C4E2ACF2D592BEBEDD5Acomillas_dobles,comillas_doblesextensioncomillas_dobles:corchete_abre{comillas_doblesextcomillas_dobles:comillas_dobles96 665 8576comillas_dobles}corchete_cierra},{comillas_doblesid_personacomillas_dobles:comillas_dobles128346comillas_dobles,comillas_doblesid_uorcomillas_dobles:comillas_dobles7859comillas_dobles,comillas_doblesnombrecomillas_dobles:comillas_doblesSERRANO CAZORLA, MARIA DEL MARcomillas_dobles,comillas_doblesemailcomillas_dobles:comillas_dobles59C818E05D691497EFAACCFFD77C541A94E910325301F09BB47C0204B6258D68comillas_dobles,comillas_doblesextensioncomillas_dobles:corchete_abre{comillas_doblesextcomillas_dobles:comillas_dobles96 665 8660comillas_dobles}corchete_cierra},{comillas_doblesid_personacomillas_dobles:comillas_dobles136772comillas_dobles,comillas_doblesid_uorcomillas_dobles:comillas_dobles7859comillas_dobles,comillas_doblesnombrecomillas_dobles:comillas_doblesSERRANO JOVER, ROSA MARIAcomillas_dobles,comillas_doblesemailcomillas_dobles:comillas_dobles86416BA3F8DBF7AA176004F8DC54982Bcomillas_dobles,comillas_doblesextensioncomillas_dobles:corchete_abre{comillas_doblesextcomillas_dobles:comillas_dobles96 665 8356comillas_dobles}corchete_cierra},{comillas_doblesid_personacomillas_dobles:comillas_dobles209021comillas_dobles,comillas_doblesid_uorcomillas_dobles:comillas_dobles7859comillas_dobles,comillas_doblesnombrecomillas_dobles:comillas_doblesTRUJILLO MARTINEZ, FRANCISCO JAVIERcomillas_dobles,comillas_doblesemailcomillas_dobles:comillas_dobles30EC5E1EC01F6F8F952422C454C4AD0A547A697EBF78BDE6ADC850E3185EAA9Ccomillas_dobles,comillas_doblesextensioncomillas_dobles:corchete_abre{comillas_doblesextcomillas_dobles:comillas_dobles96 522 2247comillas_dobles}corchete_cierra},{comillas_doblesid_personacomillas_dobles:comillas_dobles120930comillas_dobles,comillas_doblesid_uorcomillas_dobles:comillas_dobles7859comillas_dobles,comillas_doblesnombrecomillas_dobles:comillas_doblesVIVES FLORES, LETICIAcomillas_dobles,comillas_doblesemailcomillas_dobles:comillas_doblesAE95BB2C2031804D73BDA600DE432FD1comillas_dobles,comillas_doblesextensioncomillas_dobles:corchete_abre{comillas_doblesextcomillas_dobles:comillas_dobles96 522 2681comillas_dobles}corchete_cierra}corchete_cierra}corchete_cierra}'; id_post = '_7859'; site_url = 'https:\/\/sicgef.umh.es'; servidor = 'http:\/\/universite.umh.es\/serviciodirectorio\/Default.aspx'; pintarDir(json,id_post,site_url,servidor);<\/script> <\/div>\n<p><\/p>","protected":false},"excerpt":{"rendered":"<p>json = &#8216;{comillas_doblesid_uorcomillas_dobles:comillas_dobles7859comillas_dobles,comillas_dobleslabelcomillas_dobles:comillas_doblesServicio de Informaci\u00f3n Contable y Gesti\u00f3n Econ\u00f3mica y Financieracomillas_dobles,comillas_doblesdirectoriocomillas_dobles:corchete_abre{comillas_doblesid_cargocomillas_dobles:comillas_dobles1601comillas_dobles,comillas_doblesnom_cargocomillas_dobles:comillas_doblesJEFE\/A DE SERVICIOcomillas_dobles,comillas_doblespersonascomillas_dobles:corchete_abre{comillas_doblesid_personacomillas_dobles:comillas_dobles109289comillas_dobles,comillas_doblesid_uorcomillas_dobles:comillas_dobles7859comillas_dobles,comillas_doblesnombrecomillas_dobles:comillas_doblesLOPEZ VALERO, JOSEcomillas_dobles,comillas_doblesemailcomillas_dobles:comillas_dobles2279816254BEF46D13CAA6EB4EA0D2650AC3FEC4BB1145CA850314E95F854D46comillas_dobles,comillas_doblesextensioncomillas_dobles:corchete_abre{comillas_doblesextcomillas_dobles:comillas_dobles57067comillas_dobles},{comillas_doblesextcomillas_dobles:comillas_dobles96 522 2054comillas_dobles}corchete_cierra}corchete_cierra},{comillas_doblesid_cargocomillas_dobles:comillas_dobles99999comillas_dobles,comillas_doblesnom_cargocomillas_dobles:comillas_doblesPersonalcomillas_dobles,comillas_doblespersonascomillas_dobles:corchete_abre{comillas_doblesid_personacomillas_dobles:comillas_dobles146298comillas_dobles,comillas_doblesid_uorcomillas_dobles:comillas_dobles7859comillas_dobles,comillas_doblesnombrecomillas_dobles:comillas_doblesALCARAZ GUIJARRO, MARIA ESPERANZAcomillas_dobles,comillas_doblesemailcomillas_dobles:comillas_dobles987742645534D41729F2E4A358D45C76comillas_dobles,comillas_doblesextensioncomillas_dobles:corchete_abre{comillas_doblesextcomillas_dobles:comillas_dobles96 665 8657comillas_dobles}corchete_cierra},{comillas_doblesid_personacomillas_dobles:comillas_dobles3917comillas_dobles,comillas_doblesid_uorcomillas_dobles:comillas_dobles7859comillas_dobles,comillas_doblesnombrecomillas_dobles:comillas_doblesBA\u00d1OS ANTON, JESUS FELIPEcomillas_dobles,comillas_doblesemailcomillas_dobles:comillas_dobles59F8C079FA48332EEB300C754281A434A2FB270D7962C45F8C31E15450190FBAcomillas_dobles,comillas_doblesextensioncomillas_dobles:corchete_abre{comillas_doblesextcomillas_dobles:comillas_dobles96 522 2081comillas_dobles}corchete_cierra},{comillas_doblesid_personacomillas_dobles:comillas_dobles242379comillas_dobles,comillas_doblesid_uorcomillas_dobles:comillas_dobles7859comillas_dobles,comillas_doblesnombrecomillas_dobles:comillas_doblesCONEJERO RUIZ, MARIA JOSEcomillas_dobles,comillas_doblesemailcomillas_dobles:comillas_dobles1B0C70EAA21479CED2BB9D1427383A2Bcomillas_dobles,comillas_doblesextensioncomillas_dobles:corchete_abre{comillas_doblesextcomillas_dobles:comillas_dobles96 665 8559comillas_dobles}corchete_cierra},{comillas_doblesid_personacomillas_dobles:comillas_dobles265500comillas_dobles,comillas_doblesid_uorcomillas_dobles:comillas_dobles7859comillas_dobles,comillas_doblesnombrecomillas_dobles:comillas_doblesECHEZARRETA VILLALUENGA, MARTIN LOINAZcomillas_dobles,comillas_doblesemailcomillas_dobles:comillas_dobles4BAB12CCF1E3058D5E669091ED784C6869A43057D7D96B01D639A0F9CF655D81comillas_dobles,comillas_doblesextensioncomillas_dobles:corchete_abrecorchete_cierra},{comillas_doblesid_personacomillas_dobles:comillas_dobles3908comillas_dobles,comillas_doblesid_uorcomillas_dobles:comillas_dobles7859comillas_dobles,comillas_doblesnombrecomillas_dobles:comillas_doblesIVORRA IVORRA, MARIA ROSARIOcomillas_dobles,comillas_doblesemailcomillas_dobles:comillas_doblesE326E46C8DDA9E0A1A48FC740F2E3F02comillas_dobles,comillas_doblesextensioncomillas_dobles:corchete_abre{comillas_doblesextcomillas_dobles:comillas_dobles96 665 8734comillas_dobles}corchete_cierra},{comillas_doblesid_personacomillas_dobles:comillas_dobles247881comillas_dobles,comillas_doblesid_uorcomillas_dobles:comillas_dobles7859comillas_dobles,comillas_doblesnombrecomillas_dobles:comillas_doblesLOPEZ LOPEZ, MARIA DOLOREScomillas_dobles,comillas_doblesemailcomillas_dobles:comillas_dobles148514FC272CEF4155AE85DC1F71C0E6comillas_dobles,comillas_doblesextensioncomillas_dobles:corchete_abrecorchete_cierra},{comillas_doblesid_personacomillas_dobles:comillas_dobles133168comillas_dobles,comillas_doblesid_uorcomillas_dobles:comillas_dobles7859comillas_dobles,comillas_doblesnombrecomillas_dobles:comillas_doblesMART\u00cdNEZ CAMBRONERO, MARIA DOLOREScomillas_dobles,comillas_doblesemailcomillas_dobles:comillas_dobles422F1D4ED3EA3D3C2E9AFDAF33507756E64F1522866EBA8F7C77916E9D117F31comillas_dobles,comillas_doblesextensioncomillas_dobles:corchete_abre{comillas_doblesextcomillas_dobles:comillas_dobles683770679comillas_dobles},{comillas_doblesextcomillas_dobles:comillas_dobles50679comillas_dobles},{comillas_doblesextcomillas_dobles:comillas_dobles96 522 2477comillas_dobles}corchete_cierra},{comillas_doblesid_personacomillas_dobles:comillas_dobles3776comillas_dobles,comillas_doblesid_uorcomillas_dobles:comillas_dobles7859comillas_dobles,comillas_doblesnombrecomillas_dobles:comillas_doblesPASCUAL MOYA, MARIA ASUNCIONcomillas_dobles,comillas_doblesemailcomillas_dobles:comillas_dobles4CFE61A80E78FE1DD6C17E9D8DC276B5DCBB9677032DE863578B81313585C648comillas_dobles,comillas_doblesextensioncomillas_dobles:corchete_abre{comillas_doblesextcomillas_dobles:comillas_dobles96 665 8652comillas_dobles}corchete_cierra},{comillas_doblesid_personacomillas_dobles:comillas_dobles109361comillas_dobles,comillas_doblesid_uorcomillas_dobles:comillas_dobles7859comillas_dobles,comillas_doblesnombrecomillas_dobles:comillas_doblesPLATAS PEINADO, ANGEL [&#8230;]<\/p>\n","protected":false},"author":1,"featured_media":0,"parent":2726,"menu_order":3,"comment_status":"closed","ping_status":"open","template":"","meta":{"ngg_post_thumbnail":0,"_links_to":"","_links_to_target":""},"_links":{"self":[{"href":"https:\/\/sicgef.umh.es\/ca\/wp-json\/wp\/v2\/pages\/2728"}],"collection":[{"href":"https:\/\/sicgef.umh.es\/ca\/wp-json\/wp\/v2\/pages"}],"about":[{"href":"https:\/\/sicgef.umh.es\/ca\/wp-json\/wp\/v2\/types\/page"}],"author":[{"embeddable":true,"href":"https:\/\/sicgef.umh.es\/ca\/wp-json\/wp\/v2\/users\/1"}],"replies":[{"embeddable":true,"href":"https:\/\/sicgef.umh.es\/ca\/wp-json\/wp\/v2\/comments?post=2728"}],"version-history":[{"count":0,"href":"https:\/\/sicgef.umh.es\/ca\/wp-json\/wp\/v2\/pages\/2728\/revisions"}],"up":[{"embeddable":true,"href":"https:\/\/sicgef.umh.es\/ca\/wp-json\/wp\/v2\/pages\/2726"}],"wp:attachment":[{"href":"https:\/\/sicgef.umh.es\/ca\/wp-json\/wp\/v2\/media?parent=2728"}],"curies":[{"name":"wp","href":"https:\/\/api.w.org\/{rel}","templated":true}]}}