{"id":1424,"date":"2012-05-02T13:42:10","date_gmt":"2012-05-02T13:42:10","guid":{"rendered":"http:\/\/sicgfyp.umh.es\/informacion-contable\/restitucional\/cuentas-anuales\/"},"modified":"2025-07-16T11:38:27","modified_gmt":"2025-07-16T09:38:27","slug":"cuentas-anuales","status":"publish","type":"page","link":"https:\/\/sicgef.umh.es\/en\/transparencia\/cuentas-anuales\/","title":{"rendered":"<span lang=\"es\">(Espa\u00f1ol) INFORMACI\u00d3N ECON\u00d3MICA &#8211; TRANSPARENCIA &#8211; SICGEF<\/span>"},"content":{"rendered":"<p><\/p>\n<\/p>\n<p><\/p>","protected":false},"excerpt":{"rendered":"","protected":false},"author":1,"featured_media":0,"parent":1265,"menu_order":1,"comment_status":"closed","ping_status":"closed","template":"","meta":{"ngg_post_thumbnail":0,"_links_to":"","_links_to_target":""},"_links":{"self":[{"href":"https:\/\/sicgef.umh.es\/en\/wp-json\/wp\/v2\/pages\/1424"}],"collection":[{"href":"https:\/\/sicgef.umh.es\/en\/wp-json\/wp\/v2\/pages"}],"about":[{"href":"https:\/\/sicgef.umh.es\/en\/wp-json\/wp\/v2\/types\/page"}],"author":[{"embeddable":true,"href":"https:\/\/sicgef.umh.es\/en\/wp-json\/wp\/v2\/users\/1"}],"replies":[{"embeddable":true,"href":"https:\/\/sicgef.umh.es\/en\/wp-json\/wp\/v2\/comments?post=1424"}],"version-history":[{"count":0,"href":"https:\/\/sicgef.umh.es\/en\/wp-json\/wp\/v2\/pages\/1424\/revisions"}],"up":[{"embeddable":true,"href":"https:\/\/sicgef.umh.es\/en\/wp-json\/wp\/v2\/pages\/1265"}],"wp:attachment":[{"href":"https:\/\/sicgef.umh.es\/en\/wp-json\/wp\/v2\/media?parent=1424"}],"curies":[{"name":"wp","href":"https:\/\/api.w.org\/{rel}","templated":true}]}}